{"id":5159,"date":"2024-03-05T12:57:37","date_gmt":"2024-03-05T17:57:37","guid":{"rendered":"https:\/\/maverickconsultora.com\/?page_id=5159"},"modified":"2024-03-05T13:35:39","modified_gmt":"2024-03-05T18:35:39","slug":"en-renovacion","status":"publish","type":"page","link":"https:\/\/maverickconsultora.com\/en\/","title":{"rendered":"En renovaci\u00f3n"},"content":{"rendered":"<div data-elementor-type=\"wp-page\" data-elementor-id=\"5159\" class=\"elementor elementor-5159\">\n\t\t\t\t\t\t\t\t\t<section class=\"elementor-section elementor-top-section elementor-element elementor-element-acb4830 elementor-section-boxed elementor-section-height-default elementor-section-height-default\" data-id=\"acb4830\" data-element_type=\"section\">\n\t\t\t\t\t\t<div class=\"elementor-container elementor-column-gap-default\">\n\t\t\t\t\t<div class=\"elementor-column elementor-col-100 elementor-top-column elementor-element elementor-element-cac99ad\" data-id=\"cac99ad\" data-element_type=\"column\">\n\t\t\t<div class=\"elementor-widget-wrap elementor-element-populated\">\n\t\t\t\t\t\t\t\t<div class=\"elementor-element elementor-element-995fd05 elementor-widget elementor-widget-heading\" data-id=\"995fd05\" data-element_type=\"widget\" data-widget_type=\"heading.default\">\n\t\t\t\t<div class=\"elementor-widget-container\">\n\t\t\t<style>\/*! elementor - v3.14.0 - 26-06-2023 *\/\n.elementor-heading-title{padding:0;margin:0;line-height:1}.elementor-widget-heading .elementor-heading-title[class*=elementor-size-]>a{color:inherit;font-size:inherit;line-height:inherit}.elementor-widget-heading .elementor-heading-title.elementor-size-small{font-size:15px}.elementor-widget-heading .elementor-heading-title.elementor-size-medium{font-size:19px}.elementor-widget-heading .elementor-heading-title.elementor-size-large{font-size:29px}.elementor-widget-heading .elementor-heading-title.elementor-size-xl{font-size:39px}.elementor-widget-heading .elementor-heading-title.elementor-size-xxl{font-size:59px}<\/style><h2 class=\"elementor-heading-title elementor-size-default\">Nos estamos renovando...<\/h2>\t\t<\/div>\n\t\t\t\t<\/div>\n\t\t\t\t<div class=\"elementor-element elementor-element-2db3609 elementor-widget elementor-widget-heading\" data-id=\"2db3609\" data-element_type=\"widget\" data-widget_type=\"heading.default\">\n\t\t\t\t<div class=\"elementor-widget-container\">\n\t\t\t<h2 class=\"elementor-heading-title elementor-size-default\">\u00a1Agradecemos tu comprensi\u00f3n!<\/h2>\t\t<\/div>\n\t\t\t\t<\/div>\n\t\t\t\t<div class=\"elementor-element elementor-element-8d88191 elementor-widget elementor-widget-image\" data-id=\"8d88191\" data-element_type=\"widget\" data-widget_type=\"image.default\">\n\t\t\t\t<div class=\"elementor-widget-container\">\n\t\t\t<style>\/*! elementor - v3.14.0 - 26-06-2023 *\/\n.elementor-widget-image{text-align:center}.elementor-widget-image a{display:inline-block}.elementor-widget-image a img[src$=\".svg\"]{width:48px}.elementor-widget-image img{vertical-align:middle;display:inline-block}<\/style>\t\t\t\t\t\t\t\t\t\t\t\t<img decoding=\"async\" width=\"438\" height=\"438\" src=\"https:\/\/maverickconsultora.com\/wp-content\/uploads\/2024\/03\/Mantenimiento-preventivo.png\" class=\"attachment-large size-large wp-image-5221\" alt=\"\" loading=\"lazy\" srcset=\"https:\/\/maverickconsultora.com\/wp-content\/uploads\/2024\/03\/Mantenimiento-preventivo.png 438w, https:\/\/maverickconsultora.com\/wp-content\/uploads\/2024\/03\/Mantenimiento-preventivo-300x300.png 300w, https:\/\/maverickconsultora.com\/wp-content\/uploads\/2024\/03\/Mantenimiento-preventivo-150x150.png 150w, https:\/\/maverickconsultora.com\/wp-content\/uploads\/2024\/03\/Mantenimiento-preventivo-12x12.png 12w, https:\/\/maverickconsultora.com\/wp-content\/uploads\/2024\/03\/Mantenimiento-preventivo-96x96.png 96w\" sizes=\"(max-width: 438px) 100vw, 438px\" \/>\t\t\t\t\t\t\t\t\t\t\t\t\t\t\t<\/div>\n\t\t\t\t<\/div>\n\t\t\t\t<div class=\"elementor-element elementor-element-c36abda elementor-widget elementor-widget-heading\" data-id=\"c36abda\" data-element_type=\"widget\" data-widget_type=\"heading.default\">\n\t\t\t\t<div class=\"elementor-widget-container\">\n\t\t\t<h2 class=\"elementor-heading-title elementor-size-default\">Para m\u00e1s informaci\u00f3n cont\u00e1ctanos a trav\u00e9s de nuestro WhatsApp o agenda una llamada y con gusto te contactaremos.<\/h2>\t\t<\/div>\n\t\t\t\t<\/div>\n\t\t\t\t<div class=\"elementor-element elementor-element-f84d1f7 elementor-widget elementor-widget-spacer\" data-id=\"f84d1f7\" data-element_type=\"widget\" data-widget_type=\"spacer.default\">\n\t\t\t\t<div class=\"elementor-widget-container\">\n\t\t\t<style>\/*! elementor - v3.14.0 - 26-06-2023 *\/\n.elementor-column .elementor-spacer-inner{height:var(--spacer-size)}.e-con{--container-widget-width:100%}.e-con-inner>.elementor-widget-spacer,.e-con>.elementor-widget-spacer{width:var(--container-widget-width,var(--spacer-size));--align-self:var(--container-widget-align-self,initial);--flex-shrink:0}.e-con-inner>.elementor-widget-spacer>.elementor-widget-container,.e-con-inner>.elementor-widget-spacer>.elementor-widget-container>.elementor-spacer,.e-con>.elementor-widget-spacer>.elementor-widget-container,.e-con>.elementor-widget-spacer>.elementor-widget-container>.elementor-spacer{height:100%}.e-con-inner>.elementor-widget-spacer>.elementor-widget-container>.elementor-spacer>.elementor-spacer-inner,.e-con>.elementor-widget-spacer>.elementor-widget-container>.elementor-spacer>.elementor-spacer-inner{height:var(--container-widget-height,var(--spacer-size))}<\/style>\t\t<div class=\"elementor-spacer\">\n\t\t\t<div class=\"elementor-spacer-inner\"><\/div>\n\t\t<\/div>\n\t\t\t\t<\/div>\n\t\t\t\t<\/div>\n\t\t\t\t\t<\/div>\n\t\t<\/div>\n\t\t\t\t\t\t\t<\/div>\n\t\t<\/section>\n\t\t\t\t\t\t\t<\/div>","protected":false},"excerpt":{"rendered":"<p>Nos estamos renovando&#8230; \u00a1Agradecemos tu comprensi\u00f3n! Para m\u00e1s informaci\u00f3n cont\u00e1ctanos a trav\u00e9s de nuestro WhatsApp o agenda una llamada y<\/p>\n<p><span class=\"more-link\"><a href=\"https:\/\/maverickconsultora.com\/en\/\" class=\"readmore\">Continue reading<span class=\"screen-reader-text\">En renovaci\u00f3n<\/span><\/a><\/span><\/p>","protected":false},"author":5,"featured_media":0,"parent":0,"menu_order":0,"comment_status":"closed","ping_status":"closed","template":"","meta":[],"yoast_head":"<!-- This site is optimized with the Yoast SEO plugin v20.10 - https:\/\/yoast.com\/wordpress\/plugins\/seo\/ -->\n<title>En renovaci\u00f3n<\/title>\n<meta name=\"robots\" content=\"index, follow, max-snippet:-1, max-image-preview:large, max-video-preview:-1\" \/>\n<link rel=\"canonical\" href=\"https:\/\/maverickconsultora.com\/en\/\" \/>\n<meta property=\"og:locale\" content=\"en_US\" \/>\n<meta property=\"og:type\" content=\"article\" \/>\n<meta property=\"og:title\" content=\"En renovaci\u00f3n\" \/>\n<meta property=\"og:description\" content=\"Nos estamos renovando&#8230; \u00a1Agradecemos tu comprensi\u00f3n! Para m\u00e1s informaci\u00f3n cont\u00e1ctanos a trav\u00e9s de nuestro WhatsApp o agenda una llamada yContinue readingEn renovaci\u00f3n\" \/>\n<meta property=\"og:url\" content=\"https:\/\/maverickconsultora.com\/en\/\" \/>\n<meta property=\"og:site_name\" content=\"Maverick Consultora\" \/>\n<meta property=\"article:publisher\" content=\"https:\/\/www.facebook.com\/profile.php?id=100087960080351\" \/>\n<meta property=\"article:modified_time\" content=\"2024-03-05T18:35:39+00:00\" \/>\n<meta property=\"og:image\" content=\"https:\/\/maverickconsultora.com\/wp-content\/uploads\/2024\/03\/Mantenimiento-preventivo.png\" \/>\n<meta name=\"twitter:card\" content=\"summary_large_image\" \/>\n<meta name=\"twitter:label1\" content=\"Est. reading time\" \/>\n\t<meta name=\"twitter:data1\" content=\"1 minute\" \/>\n<script type=\"application\/ld+json\" class=\"yoast-schema-graph\">{\"@context\":\"https:\/\/schema.org\",\"@graph\":[{\"@type\":\"WebPage\",\"@id\":\"https:\/\/maverickconsultora.com\/\",\"url\":\"https:\/\/maverickconsultora.com\/\",\"name\":\"En renovaci\u00f3n\",\"isPartOf\":{\"@id\":\"https:\/\/maverickconsultora.com\/#website\"},\"datePublished\":\"2024-03-05T17:57:37+00:00\",\"dateModified\":\"2024-03-05T18:35:39+00:00\",\"breadcrumb\":{\"@id\":\"https:\/\/maverickconsultora.com\/#breadcrumb\"},\"inLanguage\":\"en-US\",\"potentialAction\":[{\"@type\":\"ReadAction\",\"target\":[\"https:\/\/maverickconsultora.com\/\"]}]},{\"@type\":\"BreadcrumbList\",\"@id\":\"https:\/\/maverickconsultora.com\/#breadcrumb\",\"itemListElement\":[{\"@type\":\"ListItem\",\"position\":1,\"name\":\"Inicio\",\"item\":\"https:\/\/maverickconsultora.com\/\"},{\"@type\":\"ListItem\",\"position\":2,\"name\":\"En renovaci\u00f3n\"}]},{\"@type\":\"WebSite\",\"@id\":\"https:\/\/maverickconsultora.com\/#website\",\"url\":\"https:\/\/maverickconsultora.com\/\",\"name\":\"Maverick Consultora\",\"description\":\"Descubre soluciones integrales con nuestra consultora de servicios jur\u00eddicos, econ\u00f3micos y estrat\u00e9gicos.Obt\u00e9n asesoramiento experto y confiable de nuestros abogados consultores para optimizar tus operaciones y tomar decisiones informadas para impulsar el crecimiento y el \u00e9xito de tu negocio. \u00a1Contacta a nuestros expertos hoy mismo y lleva tu negocio al siguiente nivel!\",\"publisher\":{\"@id\":\"https:\/\/maverickconsultora.com\/#organization\"},\"potentialAction\":[{\"@type\":\"SearchAction\",\"target\":{\"@type\":\"EntryPoint\",\"urlTemplate\":\"https:\/\/maverickconsultora.com\/?s={search_term_string}\"},\"query-input\":\"required name=search_term_string\"}],\"inLanguage\":\"en-US\"},{\"@type\":\"Organization\",\"@id\":\"https:\/\/maverickconsultora.com\/#organization\",\"name\":\"Maverick Consultora\",\"alternateName\":\"Maverick\",\"url\":\"https:\/\/maverickconsultora.com\/\",\"logo\":{\"@type\":\"ImageObject\",\"inLanguage\":\"en-US\",\"@id\":\"https:\/\/maverickconsultora.com\/#\/schema\/logo\/image\/\",\"url\":\"https:\/\/maverickconsultora.com\/wp-content\/uploads\/2023\/06\/cropped-Logo-Maverick.png\",\"contentUrl\":\"https:\/\/maverickconsultora.com\/wp-content\/uploads\/2023\/06\/cropped-Logo-Maverick.png\",\"width\":512,\"height\":512,\"caption\":\"Maverick Consultora\"},\"image\":{\"@id\":\"https:\/\/maverickconsultora.com\/#\/schema\/logo\/image\/\"},\"sameAs\":[\"https:\/\/www.facebook.com\/profile.php?id=100087960080351\",\"https:\/\/www.instagram.com\/maverickconsultora\/\",\"https:\/\/www.linkedin.com\/company\/maverickconsultora\/\"]}]}<\/script>\n<!-- \/ Yoast SEO plugin. -->","yoast_head_json":{"title":"En renovaci\u00f3n","robots":{"index":"index","follow":"follow","max-snippet":"max-snippet:-1","max-image-preview":"max-image-preview:large","max-video-preview":"max-video-preview:-1"},"canonical":"https:\/\/maverickconsultora.com\/en\/","og_locale":"en_US","og_type":"article","og_title":"En renovaci\u00f3n","og_description":"Nos estamos renovando&#8230; \u00a1Agradecemos tu comprensi\u00f3n! Para m\u00e1s informaci\u00f3n cont\u00e1ctanos a trav\u00e9s de nuestro WhatsApp o agenda una llamada yContinue readingEn renovaci\u00f3n","og_url":"https:\/\/maverickconsultora.com\/en\/","og_site_name":"Maverick Consultora","article_publisher":"https:\/\/www.facebook.com\/profile.php?id=100087960080351","article_modified_time":"2024-03-05T18:35:39+00:00","og_image":[{"url":"https:\/\/maverickconsultora.com\/wp-content\/uploads\/2024\/03\/Mantenimiento-preventivo.png"}],"twitter_card":"summary_large_image","twitter_misc":{"Est. reading time":"1 minute"},"schema":{"@context":"https:\/\/schema.org","@graph":[{"@type":"WebPage","@id":"https:\/\/maverickconsultora.com\/","url":"https:\/\/maverickconsultora.com\/","name":"En renovaci\u00f3n","isPartOf":{"@id":"https:\/\/maverickconsultora.com\/#website"},"datePublished":"2024-03-05T17:57:37+00:00","dateModified":"2024-03-05T18:35:39+00:00","breadcrumb":{"@id":"https:\/\/maverickconsultora.com\/#breadcrumb"},"inLanguage":"en-US","potentialAction":[{"@type":"ReadAction","target":["https:\/\/maverickconsultora.com\/"]}]},{"@type":"BreadcrumbList","@id":"https:\/\/maverickconsultora.com\/#breadcrumb","itemListElement":[{"@type":"ListItem","position":1,"name":"Inicio","item":"https:\/\/maverickconsultora.com\/"},{"@type":"ListItem","position":2,"name":"En renovaci\u00f3n"}]},{"@type":"WebSite","@id":"https:\/\/maverickconsultora.com\/#website","url":"https:\/\/maverickconsultora.com\/","name":"Maverick Consultora","description":"Descubre soluciones integrales con nuestra consultora de servicios jur\u00eddicos, econ\u00f3micos y estrat\u00e9gicos.Obt\u00e9n asesoramiento experto y confiable de nuestros abogados consultores para optimizar tus operaciones y tomar decisiones informadas para impulsar el crecimiento y el \u00e9xito de tu negocio. \u00a1Contacta a nuestros expertos hoy mismo y lleva tu negocio al siguiente nivel!","publisher":{"@id":"https:\/\/maverickconsultora.com\/#organization"},"potentialAction":[{"@type":"SearchAction","target":{"@type":"EntryPoint","urlTemplate":"https:\/\/maverickconsultora.com\/?s={search_term_string}"},"query-input":"required name=search_term_string"}],"inLanguage":"en-US"},{"@type":"Organization","@id":"https:\/\/maverickconsultora.com\/#organization","name":"Maverick Consultora","alternateName":"Maverick","url":"https:\/\/maverickconsultora.com\/","logo":{"@type":"ImageObject","inLanguage":"en-US","@id":"https:\/\/maverickconsultora.com\/#\/schema\/logo\/image\/","url":"https:\/\/maverickconsultora.com\/wp-content\/uploads\/2023\/06\/cropped-Logo-Maverick.png","contentUrl":"https:\/\/maverickconsultora.com\/wp-content\/uploads\/2023\/06\/cropped-Logo-Maverick.png","width":512,"height":512,"caption":"Maverick Consultora"},"image":{"@id":"https:\/\/maverickconsultora.com\/#\/schema\/logo\/image\/"},"sameAs":["https:\/\/www.facebook.com\/profile.php?id=100087960080351","https:\/\/www.instagram.com\/maverickconsultora\/","https:\/\/www.linkedin.com\/company\/maverickconsultora\/"]}]}},"_links":{"self":[{"href":"https:\/\/maverickconsultora.com\/en\/wp-json\/wp\/v2\/pages\/5159"}],"collection":[{"href":"https:\/\/maverickconsultora.com\/en\/wp-json\/wp\/v2\/pages"}],"about":[{"href":"https:\/\/maverickconsultora.com\/en\/wp-json\/wp\/v2\/types\/page"}],"author":[{"embeddable":true,"href":"https:\/\/maverickconsultora.com\/en\/wp-json\/wp\/v2\/users\/5"}],"replies":[{"embeddable":true,"href":"https:\/\/maverickconsultora.com\/en\/wp-json\/wp\/v2\/comments?post=5159"}],"version-history":[{"count":70,"href":"https:\/\/maverickconsultora.com\/en\/wp-json\/wp\/v2\/pages\/5159\/revisions"}],"predecessor-version":[{"id":5230,"href":"https:\/\/maverickconsultora.com\/en\/wp-json\/wp\/v2\/pages\/5159\/revisions\/5230"}],"wp:attachment":[{"href":"https:\/\/maverickconsultora.com\/en\/wp-json\/wp\/v2\/media?parent=5159"}],"curies":[{"name":"wp","href":"https:\/\/api.w.org\/{rel}","templated":true}]}}